{"id":1583,"date":"2023-11-22T20:57:27","date_gmt":"2023-11-23T01:57:27","guid":{"rendered":"https:\/\/somosliving.com\/shop\/non%20class\u00e9\/fauteuil\/"},"modified":"2024-11-06T16:07:18","modified_gmt":"2024-11-06T21:07:18","slug":"fauteuil-brisa","status":"publish","type":"product","link":"https:\/\/somosliving.com\/fr\/produit\/meubles\/salon-exterieur\/fauteuil-brisa\/","title":{"rendered":"Fauteuil Brisa"},"content":{"rendered":"<p>Faites l&rsquo;exp\u00e9rience de la relaxation comme jamais auparavant avec notre fauteuil Brisa. Avec son rembourrage moelleux, son rev\u00eatement \u00e9l\u00e9gant et son design ergonomique, il offre un refuge parfait apr\u00e8s une longue journ\u00e9e. Profitez de la tranquillit\u00e9 et d\u00e9tendez-vous dans un luxe absolu.<\/p>\n<p><strong>Mat\u00e9riaux et finition :<\/strong><br \/>\nBois de teck massif naturel<br \/>\nR\u00e9sine Tress\u00e9e<br \/>\nTissu d&rsquo;ext\u00e9rieur Sunbrella<br \/>\nMousse en fibre haute densit\u00e9 \u00e0 s\u00e9chage rapide<\/p>\n<p><strong>Caract\u00e9ristiques :<\/strong><br \/>\nLa majorit\u00e9 des meubles d&rsquo;ext\u00e9rieur sont \u00e9quip\u00e9s de niveleurs de pieds adaptables, assurant la stabilit\u00e9 sur des surfaces ext\u00e9rieures vari\u00e9es.<br \/>\nTous les tissus d&rsquo;ameublement sont dot\u00e9s d&rsquo;un filet cach\u00e9, con\u00e7u pour faciliter l&rsquo;\u00e9coulement de l&rsquo;eau et acc\u00e9l\u00e9rer le processus de s\u00e9chage.<br \/>\nToutes les housses de coussin sont dot\u00e9es de fermetures \u00e9clair discr\u00e8tes, ce qui permet de les retirer facilement pour les laver.<\/p>\n","protected":false},"excerpt":{"rendered":"<p>Faites l&rsquo;exp\u00e9rience de la relaxation comme jamais auparavant avec notre fauteuil Brisa. Avec son rembourrage moelleux, son rev\u00eatement \u00e9l\u00e9gant et son design ergonomique, il offre un refuge parfait apr\u00e8s une longue journ\u00e9e. Profitez de la tranquillit\u00e9 et d\u00e9tendez-vous dans un luxe absolu. Mat\u00e9riaux et finition : Bois de teck massif naturel R\u00e9sine Tress\u00e9e Tissu d&rsquo;ext\u00e9rieur [&hellip;]<\/p>\n","protected":false},"featured_media":2448,"comment_status":"closed","ping_status":"closed","template":"","meta":{"_acf_changed":false},"product_brand":[],"product_cat":[135,134,139,162,138],"product_tag":[191],"class_list":{"0":"post-1583","1":"product","2":"type-product","3":"status-publish","4":"has-post-thumbnail","6":"product_cat-brisa-fr","7":"product_cat-collections-fr","8":"product_cat-fauteuils","9":"product_cat-meubles","10":"product_cat-salon-exterieur","11":"product_tag-brisa-fr","12":"membership-content","13":"purchase-restricted","14":"member-discount","15":"discount-restricted","17":"first","18":"onbackorder","19":"taxable","20":"shipping-taxable","21":"product-type-variable","22":"has-default-attributes","23":"rtwpvg-product"},"bundled_by":[],"bundle_stock_status":"onbackorder","bundle_stock_quantity":null,"bundle_virtual":false,"bundle_layout":"","bundle_add_to_cart_form_location":"","bundle_editable_in_cart":false,"bundle_sold_individually_context":"","bundle_item_grouping":"","bundle_min_size":"","bundle_max_size":"","bundle_price":[],"bundled_items":[],"bundle_sell_ids":[],"acf":[],"yoast_head":"<!-- This site is optimized with the Yoast SEO plugin v27.2 - https:\/\/yoast.com\/product\/yoast-seo-wordpress\/ -->\n<title>Fauteuil Brisa - SOMOSLIVING<\/title>\n<meta name=\"description\" content=\"D\u00e9tendez-vous avec style gr\u00e2ce \u00e0 notre confortable fauteuil d&#039;ext\u00e9rieur, id\u00e9al pour votre patio ou jardin.\" \/>\n<meta name=\"robots\" content=\"index, follow, max-snippet:-1, max-image-preview:large, max-video-preview:-1\" \/>\n<link rel=\"canonical\" href=\"https:\/\/somosliving.com\/fr\/produit\/meubles\/salon-exterieur\/fauteuil-brisa\/\" \/>\n<meta property=\"og:locale\" content=\"fr_CA\" \/>\n<meta property=\"og:type\" content=\"article\" \/>\n<meta property=\"og:title\" content=\"Fauteuil Brisa - SOMOSLIVING\" \/>\n<meta property=\"og:description\" content=\"D\u00e9tendez-vous avec style gr\u00e2ce \u00e0 notre confortable fauteuil d&#039;ext\u00e9rieur, id\u00e9al pour votre patio ou jardin.\" \/>\n<meta property=\"og:url\" content=\"https:\/\/somosliving.com\/fr\/produit\/meubles\/salon-exterieur\/fauteuil-brisa\/\" \/>\n<meta property=\"og:site_name\" content=\"SOMOSLIVING\" \/>\n<meta property=\"article:publisher\" content=\"https:\/\/www.facebook.com\/somosoutdoor\/\" \/>\n<meta property=\"article:modified_time\" content=\"2024-11-06T21:07:18+00:00\" \/>\n<meta property=\"og:image\" content=\"https:\/\/somosliving.com\/wp-content\/uploads\/2023\/11\/front-grey-pebble-grey.jpg\" \/>\n\t<meta property=\"og:image:width\" content=\"1667\" \/>\n\t<meta property=\"og:image:height\" content=\"1667\" \/>\n\t<meta property=\"og:image:type\" content=\"image\/jpeg\" \/>\n<meta name=\"twitter:card\" content=\"summary_large_image\" \/>\n<meta name=\"twitter:label1\" content=\"Estimation du temps de lecture\" \/>\n\t<meta name=\"twitter:data1\" content=\"1 minute\" \/>\n<script type=\"application\/ld+json\" class=\"yoast-schema-graph\">{\"@context\":\"https:\/\/schema.org\",\"@graph\":[{\"@type\":\"WebPage\",\"@id\":\"https:\/\/somosliving.com\/fr\/produit\/meubles\/salon-exterieur\/fauteuil-brisa\/\",\"url\":\"https:\/\/somosliving.com\/fr\/produit\/meubles\/salon-exterieur\/fauteuil-brisa\/\",\"name\":\"Fauteuil Brisa - SOMOSLIVING\",\"isPartOf\":{\"@id\":\"https:\/\/somosliving.com\/fr\/#website\"},\"primaryImageOfPage\":{\"@id\":\"https:\/\/somosliving.com\/fr\/produit\/meubles\/salon-exterieur\/fauteuil-brisa\/#primaryimage\"},\"image\":{\"@id\":\"https:\/\/somosliving.com\/fr\/produit\/meubles\/salon-exterieur\/fauteuil-brisa\/#primaryimage\"},\"thumbnailUrl\":\"https:\/\/somosliving.com\/wp-content\/uploads\/2023\/11\/front-grey-pebble-grey.jpg\",\"datePublished\":\"2023-11-23T01:57:27+00:00\",\"dateModified\":\"2024-11-06T21:07:18+00:00\",\"description\":\"D\u00e9tendez-vous avec style gr\u00e2ce \u00e0 notre confortable fauteuil d'ext\u00e9rieur, id\u00e9al pour votre patio ou jardin.\",\"breadcrumb\":{\"@id\":\"https:\/\/somosliving.com\/fr\/produit\/meubles\/salon-exterieur\/fauteuil-brisa\/#breadcrumb\"},\"inLanguage\":\"fr-CA\",\"potentialAction\":[{\"@type\":\"ReadAction\",\"target\":[\"https:\/\/somosliving.com\/fr\/produit\/meubles\/salon-exterieur\/fauteuil-brisa\/\"]}]},{\"@type\":\"ImageObject\",\"inLanguage\":\"fr-CA\",\"@id\":\"https:\/\/somosliving.com\/fr\/produit\/meubles\/salon-exterieur\/fauteuil-brisa\/#primaryimage\",\"url\":\"https:\/\/somosliving.com\/wp-content\/uploads\/2023\/11\/front-grey-pebble-grey.jpg\",\"contentUrl\":\"https:\/\/somosliving.com\/wp-content\/uploads\/2023\/11\/front-grey-pebble-grey.jpg\",\"width\":1667,\"height\":1667},{\"@type\":\"BreadcrumbList\",\"@id\":\"https:\/\/somosliving.com\/fr\/produit\/meubles\/salon-exterieur\/fauteuil-brisa\/#breadcrumb\",\"itemListElement\":[{\"@type\":\"ListItem\",\"position\":1,\"name\":\"Home\",\"item\":\"https:\/\/somosliving.com\/fr\/\"},{\"@type\":\"ListItem\",\"position\":2,\"name\":\"Boutique\",\"item\":\"https:\/\/somosliving.com\/fr\/boutique\/\"},{\"@type\":\"ListItem\",\"position\":3,\"name\":\"Fauteuil Brisa\"}]},{\"@type\":\"WebSite\",\"@id\":\"https:\/\/somosliving.com\/fr\/#website\",\"url\":\"https:\/\/somosliving.com\/fr\/\",\"name\":\"SOMOSLIVING\",\"description\":\"Designed for outdoor living\",\"publisher\":{\"@id\":\"https:\/\/somosliving.com\/fr\/#organization\"},\"potentialAction\":[{\"@type\":\"SearchAction\",\"target\":{\"@type\":\"EntryPoint\",\"urlTemplate\":\"https:\/\/somosliving.com\/fr\/?s={search_term_string}\"},\"query-input\":{\"@type\":\"PropertyValueSpecification\",\"valueRequired\":true,\"valueName\":\"search_term_string\"}}],\"inLanguage\":\"fr-CA\"},{\"@type\":\"Organization\",\"@id\":\"https:\/\/somosliving.com\/fr\/#organization\",\"name\":\"SOMOSLIVING\",\"url\":\"https:\/\/somosliving.com\/fr\/\",\"logo\":{\"@type\":\"ImageObject\",\"inLanguage\":\"fr-CA\",\"@id\":\"https:\/\/somosliving.com\/fr\/#\/schema\/logo\/image\/\",\"url\":\"https:\/\/somosliving.com\/wp-content\/uploads\/2024\/07\/logo_somos-4.png\",\"contentUrl\":\"https:\/\/somosliving.com\/wp-content\/uploads\/2024\/07\/logo_somos-4.png\",\"width\":742,\"height\":79,\"caption\":\"SOMOSLIVING\"},\"image\":{\"@id\":\"https:\/\/somosliving.com\/fr\/#\/schema\/logo\/image\/\"},\"sameAs\":[\"https:\/\/www.facebook.com\/somosoutdoor\/\",\"https:\/\/www.instagram.com\/somos_living\/\"]}]}<\/script>\n<!-- \/ Yoast SEO plugin. -->","yoast_head_json":{"title":"Fauteuil Brisa - SOMOSLIVING","description":"D\u00e9tendez-vous avec style gr\u00e2ce \u00e0 notre confortable fauteuil d'ext\u00e9rieur, id\u00e9al pour votre patio ou jardin.","robots":{"index":"index","follow":"follow","max-snippet":"max-snippet:-1","max-image-preview":"max-image-preview:large","max-video-preview":"max-video-preview:-1"},"canonical":"https:\/\/somosliving.com\/fr\/produit\/meubles\/salon-exterieur\/fauteuil-brisa\/","og_locale":"fr_CA","og_type":"article","og_title":"Fauteuil Brisa - SOMOSLIVING","og_description":"D\u00e9tendez-vous avec style gr\u00e2ce \u00e0 notre confortable fauteuil d'ext\u00e9rieur, id\u00e9al pour votre patio ou jardin.","og_url":"https:\/\/somosliving.com\/fr\/produit\/meubles\/salon-exterieur\/fauteuil-brisa\/","og_site_name":"SOMOSLIVING","article_publisher":"https:\/\/www.facebook.com\/somosoutdoor\/","article_modified_time":"2024-11-06T21:07:18+00:00","og_image":[{"width":1667,"height":1667,"url":"https:\/\/somosliving.com\/wp-content\/uploads\/2023\/11\/front-grey-pebble-grey.jpg","type":"image\/jpeg"}],"twitter_card":"summary_large_image","twitter_misc":{"Estimation du temps de lecture":"1 minute"},"schema":{"@context":"https:\/\/schema.org","@graph":[{"@type":"WebPage","@id":"https:\/\/somosliving.com\/fr\/produit\/meubles\/salon-exterieur\/fauteuil-brisa\/","url":"https:\/\/somosliving.com\/fr\/produit\/meubles\/salon-exterieur\/fauteuil-brisa\/","name":"Fauteuil Brisa - SOMOSLIVING","isPartOf":{"@id":"https:\/\/somosliving.com\/fr\/#website"},"primaryImageOfPage":{"@id":"https:\/\/somosliving.com\/fr\/produit\/meubles\/salon-exterieur\/fauteuil-brisa\/#primaryimage"},"image":{"@id":"https:\/\/somosliving.com\/fr\/produit\/meubles\/salon-exterieur\/fauteuil-brisa\/#primaryimage"},"thumbnailUrl":"https:\/\/somosliving.com\/wp-content\/uploads\/2023\/11\/front-grey-pebble-grey.jpg","datePublished":"2023-11-23T01:57:27+00:00","dateModified":"2024-11-06T21:07:18+00:00","description":"D\u00e9tendez-vous avec style gr\u00e2ce \u00e0 notre confortable fauteuil d'ext\u00e9rieur, id\u00e9al pour votre patio ou jardin.","breadcrumb":{"@id":"https:\/\/somosliving.com\/fr\/produit\/meubles\/salon-exterieur\/fauteuil-brisa\/#breadcrumb"},"inLanguage":"fr-CA","potentialAction":[{"@type":"ReadAction","target":["https:\/\/somosliving.com\/fr\/produit\/meubles\/salon-exterieur\/fauteuil-brisa\/"]}]},{"@type":"ImageObject","inLanguage":"fr-CA","@id":"https:\/\/somosliving.com\/fr\/produit\/meubles\/salon-exterieur\/fauteuil-brisa\/#primaryimage","url":"https:\/\/somosliving.com\/wp-content\/uploads\/2023\/11\/front-grey-pebble-grey.jpg","contentUrl":"https:\/\/somosliving.com\/wp-content\/uploads\/2023\/11\/front-grey-pebble-grey.jpg","width":1667,"height":1667},{"@type":"BreadcrumbList","@id":"https:\/\/somosliving.com\/fr\/produit\/meubles\/salon-exterieur\/fauteuil-brisa\/#breadcrumb","itemListElement":[{"@type":"ListItem","position":1,"name":"Home","item":"https:\/\/somosliving.com\/fr\/"},{"@type":"ListItem","position":2,"name":"Boutique","item":"https:\/\/somosliving.com\/fr\/boutique\/"},{"@type":"ListItem","position":3,"name":"Fauteuil Brisa"}]},{"@type":"WebSite","@id":"https:\/\/somosliving.com\/fr\/#website","url":"https:\/\/somosliving.com\/fr\/","name":"SOMOSLIVING","description":"Designed for outdoor living","publisher":{"@id":"https:\/\/somosliving.com\/fr\/#organization"},"potentialAction":[{"@type":"SearchAction","target":{"@type":"EntryPoint","urlTemplate":"https:\/\/somosliving.com\/fr\/?s={search_term_string}"},"query-input":{"@type":"PropertyValueSpecification","valueRequired":true,"valueName":"search_term_string"}}],"inLanguage":"fr-CA"},{"@type":"Organization","@id":"https:\/\/somosliving.com\/fr\/#organization","name":"SOMOSLIVING","url":"https:\/\/somosliving.com\/fr\/","logo":{"@type":"ImageObject","inLanguage":"fr-CA","@id":"https:\/\/somosliving.com\/fr\/#\/schema\/logo\/image\/","url":"https:\/\/somosliving.com\/wp-content\/uploads\/2024\/07\/logo_somos-4.png","contentUrl":"https:\/\/somosliving.com\/wp-content\/uploads\/2024\/07\/logo_somos-4.png","width":742,"height":79,"caption":"SOMOSLIVING"},"image":{"@id":"https:\/\/somosliving.com\/fr\/#\/schema\/logo\/image\/"},"sameAs":["https:\/\/www.facebook.com\/somosoutdoor\/","https:\/\/www.instagram.com\/somos_living\/"]}]}},"_links":{"self":[{"href":"https:\/\/somosliving.com\/fr\/wp-json\/wp\/v2\/product\/1583","targetHints":{"allow":["GET"]}}],"collection":[{"href":"https:\/\/somosliving.com\/fr\/wp-json\/wp\/v2\/product"}],"about":[{"href":"https:\/\/somosliving.com\/fr\/wp-json\/wp\/v2\/types\/product"}],"replies":[{"embeddable":true,"href":"https:\/\/somosliving.com\/fr\/wp-json\/wp\/v2\/comments?post=1583"}],"wp:featuredmedia":[{"embeddable":true,"href":"https:\/\/somosliving.com\/fr\/wp-json\/wp\/v2\/media\/2448"}],"wp:attachment":[{"href":"https:\/\/somosliving.com\/fr\/wp-json\/wp\/v2\/media?parent=1583"}],"wp:term":[{"taxonomy":"product_brand","embeddable":true,"href":"https:\/\/somosliving.com\/fr\/wp-json\/wp\/v2\/product_brand?post=1583"},{"taxonomy":"product_cat","embeddable":true,"href":"https:\/\/somosliving.com\/fr\/wp-json\/wp\/v2\/product_cat?post=1583"},{"taxonomy":"product_tag","embeddable":true,"href":"https:\/\/somosliving.com\/fr\/wp-json\/wp\/v2\/product_tag?post=1583"}],"curies":[{"name":"wp","href":"https:\/\/api.w.org\/{rel}","templated":true}]}}