{"id":1605,"date":"2023-11-23T20:22:13","date_gmt":"2023-11-23T20:22:13","guid":{"rendered":"https:\/\/somosliving.com\/shop\/non%20class\u00e9\/table-dappoint\/"},"modified":"2025-09-25T09:28:02","modified_gmt":"2025-09-25T13:28:02","slug":"table-dappoint-paloma","status":"publish","type":"product","link":"https:\/\/somosliving.com\/fr\/produit\/meubles\/salon-exterieur\/table-dappoint-paloma\/","title":{"rendered":"Table d&rsquo;appoint Paloma"},"content":{"rendered":"<p>Am\u00e9liorez votre d\u00e9cor avec notre table d\u2019appoint Paloma. Ses lignes \u00e9pur\u00e9es, et ses d\u00e9tails en bois s\u2019harmonisent sans effort pour cr\u00e9er un chef-d\u2019\u0153uvre contemporain. Parfaitement dimensionn\u00e9e pour accueillir une lampe ou exposer des objets pr\u00e9cieux, elle ajoute une touche d\u2019\u00e9l\u00e9gance \u00e0 n\u2019importe quelle pi\u00e8ce.<\/p>\n<p><strong>Mat\u00e9riaux et finition :<\/strong><br \/>\nAluminium thermolaqu\u00e9 avec un fini gr\u00e8ge<\/p>\n<p><strong>Caract\u00e9ristiques :<\/strong><br \/>\nLa majorit\u00e9 des meubles d&rsquo;ext\u00e9rieur sont \u00e9quip\u00e9s de niveleurs de pieds adaptables, assurant la stabilit\u00e9 sur des surfaces ext\u00e9rieures vari\u00e9es.<\/p>\n","protected":false},"excerpt":{"rendered":"<p>Am\u00e9liorez votre d\u00e9cor avec notre table d\u2019appoint Paloma. Ses lignes \u00e9pur\u00e9es, et ses d\u00e9tails en bois s\u2019harmonisent sans effort pour cr\u00e9er un chef-d\u2019\u0153uvre contemporain. Parfaitement dimensionn\u00e9e pour accueillir une lampe ou exposer des objets pr\u00e9cieux, elle ajoute une touche d\u2019\u00e9l\u00e9gance \u00e0 n\u2019importe quelle pi\u00e8ce. Mat\u00e9riaux et finition : Aluminium thermolaqu\u00e9 avec un fini gr\u00e8ge Caract\u00e9ristiques [&hellip;]<\/p>\n","protected":false},"featured_media":2614,"comment_status":"closed","ping_status":"closed","template":"","meta":{"_acf_changed":false},"product_brand":[],"product_cat":[134,162,151,138,164],"product_tag":[193],"class_list":{"0":"post-1605","1":"product","2":"type-product","3":"status-publish","4":"has-post-thumbnail","6":"product_cat-collections-fr","7":"product_cat-meubles","8":"product_cat-paloma-fr","9":"product_cat-salon-exterieur","10":"product_cat-tables-dappoint-fr","11":"product_tag-paloma-fr","12":"membership-content","13":"purchase-restricted","14":"member-discount","15":"discount-restricted","17":"first","18":"onbackorder","19":"taxable","20":"shipping-taxable","21":"product-type-simple"},"bundled_by":[],"bundle_stock_status":"onbackorder","bundle_stock_quantity":null,"bundle_virtual":false,"bundle_layout":"","bundle_add_to_cart_form_location":"","bundle_editable_in_cart":false,"bundle_sold_individually_context":"","bundle_item_grouping":"","bundle_min_size":"","bundle_max_size":"","bundle_price":[],"bundled_items":[],"bundle_sell_ids":[],"acf":[],"yoast_head":"<!-- This site is optimized with the Yoast SEO plugin v27.2 - https:\/\/yoast.com\/product\/yoast-seo-wordpress\/ -->\n<title>Table d&#039;appoint Paloma - SOMOSLIVING<\/title>\n<meta name=\"description\" content=\"Compl\u00e9tez votre espace ext\u00e9rieur avec nos tables d&#039;appoint ext\u00e9rieures Paloma \u00e9l\u00e9gantes chez Somos Living.\" \/>\n<meta name=\"robots\" content=\"index, follow, max-snippet:-1, max-image-preview:large, max-video-preview:-1\" \/>\n<link rel=\"canonical\" href=\"https:\/\/somosliving.com\/fr\/produit\/meubles\/salon-exterieur\/table-dappoint-paloma\/\" \/>\n<meta property=\"og:locale\" content=\"fr_CA\" \/>\n<meta property=\"og:type\" content=\"article\" \/>\n<meta property=\"og:title\" content=\"Table d&#039;appoint Paloma - SOMOSLIVING\" \/>\n<meta property=\"og:description\" content=\"Compl\u00e9tez votre espace ext\u00e9rieur avec nos tables d&#039;appoint ext\u00e9rieures Paloma \u00e9l\u00e9gantes chez Somos Living.\" \/>\n<meta property=\"og:url\" content=\"https:\/\/somosliving.com\/fr\/produit\/meubles\/salon-exterieur\/table-dappoint-paloma\/\" \/>\n<meta property=\"og:site_name\" content=\"SOMOSLIVING\" \/>\n<meta property=\"article:publisher\" content=\"https:\/\/www.facebook.com\/somosoutdoor\/\" \/>\n<meta property=\"article:modified_time\" content=\"2025-09-25T13:28:02+00:00\" \/>\n<meta property=\"og:image\" content=\"https:\/\/somosliving.com\/wp-content\/uploads\/2023\/11\/paloma-end-table-2-1.jpg\" \/>\n\t<meta property=\"og:image:width\" content=\"1667\" \/>\n\t<meta property=\"og:image:height\" content=\"1667\" \/>\n\t<meta property=\"og:image:type\" content=\"image\/jpeg\" \/>\n<meta name=\"twitter:card\" content=\"summary_large_image\" \/>\n<meta name=\"twitter:label1\" content=\"Estimation du temps de lecture\" \/>\n\t<meta name=\"twitter:data1\" content=\"1 minute\" \/>\n<script type=\"application\/ld+json\" class=\"yoast-schema-graph\">{\"@context\":\"https:\/\/schema.org\",\"@graph\":[{\"@type\":\"WebPage\",\"@id\":\"https:\/\/somosliving.com\/fr\/produit\/meubles\/salon-exterieur\/table-dappoint-paloma\/\",\"url\":\"https:\/\/somosliving.com\/fr\/produit\/meubles\/salon-exterieur\/table-dappoint-paloma\/\",\"name\":\"Table d'appoint Paloma - SOMOSLIVING\",\"isPartOf\":{\"@id\":\"https:\/\/somosliving.com\/fr\/#website\"},\"primaryImageOfPage\":{\"@id\":\"https:\/\/somosliving.com\/fr\/produit\/meubles\/salon-exterieur\/table-dappoint-paloma\/#primaryimage\"},\"image\":{\"@id\":\"https:\/\/somosliving.com\/fr\/produit\/meubles\/salon-exterieur\/table-dappoint-paloma\/#primaryimage\"},\"thumbnailUrl\":\"https:\/\/somosliving.com\/wp-content\/uploads\/2023\/11\/paloma-end-table-2-1.jpg\",\"datePublished\":\"2023-11-23T20:22:13+00:00\",\"dateModified\":\"2025-09-25T13:28:02+00:00\",\"description\":\"Compl\u00e9tez votre espace ext\u00e9rieur avec nos tables d'appoint ext\u00e9rieures Paloma \u00e9l\u00e9gantes chez Somos Living.\",\"breadcrumb\":{\"@id\":\"https:\/\/somosliving.com\/fr\/produit\/meubles\/salon-exterieur\/table-dappoint-paloma\/#breadcrumb\"},\"inLanguage\":\"fr-CA\",\"potentialAction\":[{\"@type\":\"ReadAction\",\"target\":[\"https:\/\/somosliving.com\/fr\/produit\/meubles\/salon-exterieur\/table-dappoint-paloma\/\"]}]},{\"@type\":\"ImageObject\",\"inLanguage\":\"fr-CA\",\"@id\":\"https:\/\/somosliving.com\/fr\/produit\/meubles\/salon-exterieur\/table-dappoint-paloma\/#primaryimage\",\"url\":\"https:\/\/somosliving.com\/wp-content\/uploads\/2023\/11\/paloma-end-table-2-1.jpg\",\"contentUrl\":\"https:\/\/somosliving.com\/wp-content\/uploads\/2023\/11\/paloma-end-table-2-1.jpg\",\"width\":1667,\"height\":1667},{\"@type\":\"BreadcrumbList\",\"@id\":\"https:\/\/somosliving.com\/fr\/produit\/meubles\/salon-exterieur\/table-dappoint-paloma\/#breadcrumb\",\"itemListElement\":[{\"@type\":\"ListItem\",\"position\":1,\"name\":\"Home\",\"item\":\"https:\/\/somosliving.com\/fr\/\"},{\"@type\":\"ListItem\",\"position\":2,\"name\":\"Boutique\",\"item\":\"https:\/\/somosliving.com\/fr\/boutique\/\"},{\"@type\":\"ListItem\",\"position\":3,\"name\":\"Table d&#8217;appoint Paloma\"}]},{\"@type\":\"WebSite\",\"@id\":\"https:\/\/somosliving.com\/fr\/#website\",\"url\":\"https:\/\/somosliving.com\/fr\/\",\"name\":\"SOMOSLIVING\",\"description\":\"Designed for outdoor living\",\"publisher\":{\"@id\":\"https:\/\/somosliving.com\/fr\/#organization\"},\"potentialAction\":[{\"@type\":\"SearchAction\",\"target\":{\"@type\":\"EntryPoint\",\"urlTemplate\":\"https:\/\/somosliving.com\/fr\/?s={search_term_string}\"},\"query-input\":{\"@type\":\"PropertyValueSpecification\",\"valueRequired\":true,\"valueName\":\"search_term_string\"}}],\"inLanguage\":\"fr-CA\"},{\"@type\":\"Organization\",\"@id\":\"https:\/\/somosliving.com\/fr\/#organization\",\"name\":\"SOMOSLIVING\",\"url\":\"https:\/\/somosliving.com\/fr\/\",\"logo\":{\"@type\":\"ImageObject\",\"inLanguage\":\"fr-CA\",\"@id\":\"https:\/\/somosliving.com\/fr\/#\/schema\/logo\/image\/\",\"url\":\"https:\/\/somosliving.com\/wp-content\/uploads\/2024\/07\/logo_somos-4.png\",\"contentUrl\":\"https:\/\/somosliving.com\/wp-content\/uploads\/2024\/07\/logo_somos-4.png\",\"width\":742,\"height\":79,\"caption\":\"SOMOSLIVING\"},\"image\":{\"@id\":\"https:\/\/somosliving.com\/fr\/#\/schema\/logo\/image\/\"},\"sameAs\":[\"https:\/\/www.facebook.com\/somosoutdoor\/\",\"https:\/\/www.instagram.com\/somos_living\/\"]}]}<\/script>\n<!-- \/ Yoast SEO plugin. -->","yoast_head_json":{"title":"Table d'appoint Paloma - SOMOSLIVING","description":"Compl\u00e9tez votre espace ext\u00e9rieur avec nos tables d'appoint ext\u00e9rieures Paloma \u00e9l\u00e9gantes chez Somos Living.","robots":{"index":"index","follow":"follow","max-snippet":"max-snippet:-1","max-image-preview":"max-image-preview:large","max-video-preview":"max-video-preview:-1"},"canonical":"https:\/\/somosliving.com\/fr\/produit\/meubles\/salon-exterieur\/table-dappoint-paloma\/","og_locale":"fr_CA","og_type":"article","og_title":"Table d'appoint Paloma - SOMOSLIVING","og_description":"Compl\u00e9tez votre espace ext\u00e9rieur avec nos tables d'appoint ext\u00e9rieures Paloma \u00e9l\u00e9gantes chez Somos Living.","og_url":"https:\/\/somosliving.com\/fr\/produit\/meubles\/salon-exterieur\/table-dappoint-paloma\/","og_site_name":"SOMOSLIVING","article_publisher":"https:\/\/www.facebook.com\/somosoutdoor\/","article_modified_time":"2025-09-25T13:28:02+00:00","og_image":[{"width":1667,"height":1667,"url":"https:\/\/somosliving.com\/wp-content\/uploads\/2023\/11\/paloma-end-table-2-1.jpg","type":"image\/jpeg"}],"twitter_card":"summary_large_image","twitter_misc":{"Estimation du temps de lecture":"1 minute"},"schema":{"@context":"https:\/\/schema.org","@graph":[{"@type":"WebPage","@id":"https:\/\/somosliving.com\/fr\/produit\/meubles\/salon-exterieur\/table-dappoint-paloma\/","url":"https:\/\/somosliving.com\/fr\/produit\/meubles\/salon-exterieur\/table-dappoint-paloma\/","name":"Table d'appoint Paloma - SOMOSLIVING","isPartOf":{"@id":"https:\/\/somosliving.com\/fr\/#website"},"primaryImageOfPage":{"@id":"https:\/\/somosliving.com\/fr\/produit\/meubles\/salon-exterieur\/table-dappoint-paloma\/#primaryimage"},"image":{"@id":"https:\/\/somosliving.com\/fr\/produit\/meubles\/salon-exterieur\/table-dappoint-paloma\/#primaryimage"},"thumbnailUrl":"https:\/\/somosliving.com\/wp-content\/uploads\/2023\/11\/paloma-end-table-2-1.jpg","datePublished":"2023-11-23T20:22:13+00:00","dateModified":"2025-09-25T13:28:02+00:00","description":"Compl\u00e9tez votre espace ext\u00e9rieur avec nos tables d'appoint ext\u00e9rieures Paloma \u00e9l\u00e9gantes chez Somos Living.","breadcrumb":{"@id":"https:\/\/somosliving.com\/fr\/produit\/meubles\/salon-exterieur\/table-dappoint-paloma\/#breadcrumb"},"inLanguage":"fr-CA","potentialAction":[{"@type":"ReadAction","target":["https:\/\/somosliving.com\/fr\/produit\/meubles\/salon-exterieur\/table-dappoint-paloma\/"]}]},{"@type":"ImageObject","inLanguage":"fr-CA","@id":"https:\/\/somosliving.com\/fr\/produit\/meubles\/salon-exterieur\/table-dappoint-paloma\/#primaryimage","url":"https:\/\/somosliving.com\/wp-content\/uploads\/2023\/11\/paloma-end-table-2-1.jpg","contentUrl":"https:\/\/somosliving.com\/wp-content\/uploads\/2023\/11\/paloma-end-table-2-1.jpg","width":1667,"height":1667},{"@type":"BreadcrumbList","@id":"https:\/\/somosliving.com\/fr\/produit\/meubles\/salon-exterieur\/table-dappoint-paloma\/#breadcrumb","itemListElement":[{"@type":"ListItem","position":1,"name":"Home","item":"https:\/\/somosliving.com\/fr\/"},{"@type":"ListItem","position":2,"name":"Boutique","item":"https:\/\/somosliving.com\/fr\/boutique\/"},{"@type":"ListItem","position":3,"name":"Table d&#8217;appoint Paloma"}]},{"@type":"WebSite","@id":"https:\/\/somosliving.com\/fr\/#website","url":"https:\/\/somosliving.com\/fr\/","name":"SOMOSLIVING","description":"Designed for outdoor living","publisher":{"@id":"https:\/\/somosliving.com\/fr\/#organization"},"potentialAction":[{"@type":"SearchAction","target":{"@type":"EntryPoint","urlTemplate":"https:\/\/somosliving.com\/fr\/?s={search_term_string}"},"query-input":{"@type":"PropertyValueSpecification","valueRequired":true,"valueName":"search_term_string"}}],"inLanguage":"fr-CA"},{"@type":"Organization","@id":"https:\/\/somosliving.com\/fr\/#organization","name":"SOMOSLIVING","url":"https:\/\/somosliving.com\/fr\/","logo":{"@type":"ImageObject","inLanguage":"fr-CA","@id":"https:\/\/somosliving.com\/fr\/#\/schema\/logo\/image\/","url":"https:\/\/somosliving.com\/wp-content\/uploads\/2024\/07\/logo_somos-4.png","contentUrl":"https:\/\/somosliving.com\/wp-content\/uploads\/2024\/07\/logo_somos-4.png","width":742,"height":79,"caption":"SOMOSLIVING"},"image":{"@id":"https:\/\/somosliving.com\/fr\/#\/schema\/logo\/image\/"},"sameAs":["https:\/\/www.facebook.com\/somosoutdoor\/","https:\/\/www.instagram.com\/somos_living\/"]}]}},"_links":{"self":[{"href":"https:\/\/somosliving.com\/fr\/wp-json\/wp\/v2\/product\/1605","targetHints":{"allow":["GET"]}}],"collection":[{"href":"https:\/\/somosliving.com\/fr\/wp-json\/wp\/v2\/product"}],"about":[{"href":"https:\/\/somosliving.com\/fr\/wp-json\/wp\/v2\/types\/product"}],"replies":[{"embeddable":true,"href":"https:\/\/somosliving.com\/fr\/wp-json\/wp\/v2\/comments?post=1605"}],"wp:featuredmedia":[{"embeddable":true,"href":"https:\/\/somosliving.com\/fr\/wp-json\/wp\/v2\/media\/2614"}],"wp:attachment":[{"href":"https:\/\/somosliving.com\/fr\/wp-json\/wp\/v2\/media?parent=1605"}],"wp:term":[{"taxonomy":"product_brand","embeddable":true,"href":"https:\/\/somosliving.com\/fr\/wp-json\/wp\/v2\/product_brand?post=1605"},{"taxonomy":"product_cat","embeddable":true,"href":"https:\/\/somosliving.com\/fr\/wp-json\/wp\/v2\/product_cat?post=1605"},{"taxonomy":"product_tag","embeddable":true,"href":"https:\/\/somosliving.com\/fr\/wp-json\/wp\/v2\/product_tag?post=1605"}],"curies":[{"name":"wp","href":"https:\/\/api.w.org\/{rel}","templated":true}]}}